{"id":2718,"date":"2023-09-05T09:50:30","date_gmt":"2023-09-05T09:50:30","guid":{"rendered":"https:\/\/iqbody.de\/impressum\/"},"modified":"2023-09-05T09:50:30","modified_gmt":"2023-09-05T09:50:30","slug":"impressum","status":"publish","type":"page","link":"https:\/\/iqbody.de\/en\/impressum\/","title":{"rendered":"Impressum"},"content":{"rendered":"\t\t<div data-elementor-type=\"wp-page\" data-elementor-id=\"2718\" class=\"elementor elementor-2718 elementor-477\" data-elementor-post-type=\"page\">\n\t\t\t\t\t\t<section class=\"elementor-section elementor-top-section elementor-element elementor-element-1f74471e elementor-section-boxed elementor-section-height-default elementor-section-height-default\" data-id=\"1f74471e\" data-element_type=\"section\" data-e-type=\"section\">\n\t\t\t\t\t\t<div class=\"elementor-container elementor-column-gap-default\">\n\t\t\t\t\t<div class=\"elementor-column elementor-col-100 elementor-top-column elementor-element elementor-element-6084408e\" data-id=\"6084408e\" data-element_type=\"column\" data-e-type=\"column\">\n\t\t\t<div class=\"elementor-widget-wrap elementor-element-populated\">\n\t\t\t\t\t\t<div class=\"elementor-element elementor-element-76c59767 elementor-widget elementor-widget-text-editor\" data-id=\"76c59767\" data-element_type=\"widget\" data-e-type=\"widget\" data-widget_type=\"text-editor.default\">\n\t\t\t\t<div class=\"elementor-widget-container\">\n\t\t\t\t\t\t\t\t\t<h1>Angaben gem\u00e4\u00df \u00a7 5 TMG<\/h1>\r\n<strong>IQBody GmbH mit Hauptsitz in Deutschland<\/strong>\r\nPfaffenpfad 1\r\n\r\n97440 Werneck\r\n<h2>Kontakt<\/h2>\r\nTelefon: +49 (0) 9722 \/ 948 8965\r\nEmail: info@iqbody.de\r\n\r\n<strong>Gesch\u00e4ftsf\u00fchrer:<\/strong> Ahmet Altun\r\n<strong>USt-ID:<\/strong>\u00a0DE335842067\r\n<strong>Handelsregister:<\/strong>\u00a08373\r\n\r\n<strong>EORI:<\/strong>\u00a0DE453791261052666\r\n\r\n<strong>Elektro-Altger\u00e4te-Verordnung<\/strong>:\r\nWEEE-Reg.-Nr: Neu\r\n\r\n<strong>Angaben zur Berufshaftpflichtversicherung<\/strong>\r\n\r\n(Geltungsraum der Versicherung: Deutschland)\r\nERGO Versicherung AG (ehemals Victoria)\r\nVictoriaplatz 1\r\n40477 D\u00fcsseldorf\r\n\r\n<strong>Plattform der EU-Kommission zur Online-Streitbeilegung:<\/strong> <a href=\"https:\/\/ec.europa.eu\/consumers\/odr\" target=\"_blank\" rel=\"noopener\">https:\/\/ec.europa.eu\/consumers\/odr<\/a>\r\n\r\n<strong>Wir sind zur Teilnahme an einem Streitbeilegungsverfahren vor einer Verbraucherschlichtungsstelle weder verpflichtet noch bereit.<\/strong>\r\n\r\n<strong>Verantwortliche\/r i.S.d. \u00a7 55 Abs. 2 RStV:<\/strong>\r\nAhmet Altun\u00a0&#8211; IQBody GmbH, Pfaffenpfad 1, 97440 Werneck, +49 (0) 9722 \/ 948 8965, info@iqbody.de\r\n\r\n<strong>Bestellter Datenschutzbeauftragter:<\/strong>\r\nAhmet Altun\u00a0&#8211; IQBody GmbH, Pfaffenpfad 1, 97440, Werneck, Tel.: +49 (0) 9722 \/ 948 8965, info@iqbody.de\r\n<h2>Haftungsausschluss<\/h2>\r\n<strong>Haftung f\u00fcr Inhalte<\/strong>\r\nDie Inhalte unserer Seiten wurden mit gr\u00f6\u00dfter Sorgfalt erstellt. F\u00fcr die Richtigkeit, Vollst\u00e4ndigkeit und Aktualit\u00e4t der Inhalte k\u00f6nnen wir jedoch keine Gew\u00e4hr \u00fcbernehmen. Als Diensteanbieter sind wir gem\u00e4\u00df \u00a7 7 Abs.1 TMG f\u00fcr eigene Inhalte auf diesen Seiten nach den allgemeinen Gesetzen verantwortlich. Nach \u00a7\u00a7 8 bis 10 TMG sind wir als Diensteanbieter jedoch nicht verpflichtet, \u00fcbermittelte oder gespeicherte fremde Informationen zu \u00fcberwachen oder nach Umst\u00e4nden zu forschen, die auf eine rechtswidrige T\u00e4tigkeit hinweisen. Verpflichtungen zur Entfernung oder Sperrung der Nutzung von Informationen nach den allgemeinen Gesetzen bleiben hiervon unber\u00fchrt. Eine diesbez\u00fcgliche Haftung ist jedoch erst ab dem Zeitpunkt der Kenntnis einer konkreten Rechtsverletzung m\u00f6glich. Bei Bekanntwerden von entsprechenden Rechtsverletzungen werden wir diese Inhalte umgehend entfernen.\r\n\r\n<strong>Haftung f\u00fcr Links<\/strong>\r\nUnser Angebot enth\u00e4lt Links zu externen Webseiten Dritter, auf deren Inhalte wir keinen Einfluss haben. Deshalb k\u00f6nnen wir f\u00fcr diese fremden Inhalte auch keine Gew\u00e4hr \u00fcbernehmen. F\u00fcr die Inhalte der verlinkten Seiten ist stets der jeweilige Anbieter oder Betreiber der Seiten verantwortlich. Die verlinkten Seiten wurden zum Zeitpunkt der Verlinkung auf m\u00f6gliche Rechtsverst\u00f6\u00dfe \u00fcberpr\u00fcft. Rechtswidrige Inhalte waren zum Zeitpunkt der Verlinkung nicht erkennbar. Eine permanente inhaltliche Kontrolle der verlinkten Seiten ist jedoch ohne konkrete Anhaltspunkte einer Rechtsverletzung nicht zumutbar. Bei Bekanntwerden von Rechtsverletzungen werden wir derartige Links umgehend entfernen.\r\n\r\n<strong>Urheberrecht<\/strong>\r\nDie durch die Seitenbetreiber erstellten Inhalte und Werke auf diesen Seiten unterliegen dem deutschen Urheberrecht. Die Vervielf\u00e4ltigung, Bearbeitung, Verbreitung und jede Art der Verwertung au\u00dferhalb der Grenzen des Urheberrechtes bed\u00fcrfen der schriftlichen Zustimmung des jeweiligen Autors bzw. Erstellers. Downloads und Kopien dieser Seite sind nur f\u00fcr den privaten, nicht kommerziellen Gebrauch gestattet. Soweit die Inhalte auf dieser Seite nicht vom Betreiber erstellt wurden, werden die Urheberrechte Dritter beachtet. Insbesondere werden Inhalte Dritter als solche gekennzeichnet. Sollten Sie trotzdem auf eine Urheberrechtsverletzung aufmerksam werden, bitten wir um einen entsprechenden Hinweis. Bei Bekanntwerden von Rechtsverletzungen werden wir derartige Inhalte umgehend entfernen.\r\n\r\nQuelle: <a href=\"http:\/\/www.e-recht24.de\/impressum-generator.html\" target=\"_blank\" rel=\"noopener\">Impressumgenerator<\/a> des Anwaltes S\u00f6ren Siebert\r\n\r\n<strong>Marken\r\n<\/strong>Die Mauzi GmbH ist Rechteinhaber der Marke SHR\u00ae.\r\n\r\n<strong>Bildnachweis\r\n<\/strong>Seite &#8220;Kauf und Finanzierung&#8221;: WavebreakmediaMicro \/ Fotolia.com\r\nSeite &#8220;Schulung&#8221;: izusek \/ iStock.com\r\nSeite &#8220;Service&#8221;: Foto &#8220;H\u00e4nde von Mann technischen Test hauptplatine&#8221;: anyaivanova \/ Foto &#8220;Mechanic standing near his car&#8221;: Wavebreakmedia \/ istock.com\r\nSeite &#8220;Karriere&#8221;: Foto &#8220;Gesch\u00e4ftsmann in Kopfh\u00f6rer&#8221;: DragonImages \/ Foto &#8220;Das Geheimnis ist tolle Teamarbeit&#8221;: annebaek \/ Foto &#8220;Nahaufnahme von Designern H\u00e4nde&#8221;: Geber86 \/ iStock.com\t\t\t\t\t\t\t\t<\/div>\n\t\t\t\t<\/div>\n\t\t\t\t\t<\/div>\n\t\t<\/div>\n\t\t\t\t\t<\/div>\n\t\t<\/section>\n\t\t\t\t<\/div>\n\t\t","protected":false},"excerpt":{"rendered":"<p>Angaben gem\u00e4\u00df \u00a7 5 TMG IQBody GmbH mit Hauptsitz in Deutschland Pfaffenpfad 1 97440 Werneck Kontakt Telefon: +49 (0) 9722 \/ 948 8965 Email: info@iqbody.de Gesch\u00e4ftsf\u00fchrer: Ahmet Altun USt-ID:\u00a0DE335842067 Handelsregister:\u00a08373 EORI:\u00a0DE453791261052666 Elektro-Altger\u00e4te-Verordnung: WEEE-Reg.-Nr: Neu Angaben zur Berufshaftpflichtversicherung (Geltungsraum der Versicherung: Deutschland) ERGO Versicherung AG (ehemals Victoria) Victoriaplatz 1 40477 D\u00fcsseldorf Plattform der EU-Kommission zur Online-Streitbeilegung: [&hellip;]<\/p>\n","protected":false},"author":1,"featured_media":0,"parent":0,"menu_order":0,"comment_status":"closed","ping_status":"closed","template":"elementor_header_footer","meta":{"om_disable_all_campaigns":false,"footnotes":""},"class_list":["post-2718","page","type-page","status-publish","hentry"],"yoast_head":"<!-- This site is optimized with the Yoast SEO plugin v22.9 - https:\/\/yoast.com\/wordpress\/plugins\/seo\/ -->\n<title>Impressum - IQ Body<\/title>\n<meta name=\"robots\" content=\"index, follow, max-snippet:-1, max-image-preview:large, max-video-preview:-1\" \/>\n<link rel=\"canonical\" href=\"https:\/\/iqbody.de\/en\/impressum\/\" \/>\n<meta property=\"og:locale\" content=\"en_US\" \/>\n<meta property=\"og:type\" content=\"article\" \/>\n<meta property=\"og:title\" content=\"Impressum - IQ Body\" \/>\n<meta property=\"og:description\" content=\"Angaben gem\u00e4\u00df \u00a7 5 TMG IQBody GmbH mit Hauptsitz in Deutschland Pfaffenpfad 1 97440 Werneck Kontakt Telefon: +49 (0) 9722 \/ 948 8965 Email: info@iqbody.de Gesch\u00e4ftsf\u00fchrer: Ahmet Altun USt-ID:\u00a0DE335842067 Handelsregister:\u00a08373 EORI:\u00a0DE453791261052666 Elektro-Altger\u00e4te-Verordnung: WEEE-Reg.-Nr: Neu Angaben zur Berufshaftpflichtversicherung (Geltungsraum der Versicherung: Deutschland) ERGO Versicherung AG (ehemals Victoria) Victoriaplatz 1 40477 D\u00fcsseldorf Plattform der EU-Kommission zur Online-Streitbeilegung: [&hellip;]\" \/>\n<meta property=\"og:url\" content=\"https:\/\/iqbody.de\/en\/impressum\/\" \/>\n<meta property=\"og:site_name\" content=\"IQ Body\" \/>\n<meta name=\"twitter:card\" content=\"summary_large_image\" \/>\n<meta name=\"twitter:label1\" content=\"Est. reading time\" \/>\n\t<meta name=\"twitter:data1\" content=\"3 minutes\" \/>\n<script type=\"application\/ld+json\" class=\"yoast-schema-graph\">{\"@context\":\"https:\/\/schema.org\",\"@graph\":[{\"@type\":\"WebPage\",\"@id\":\"https:\/\/iqbody.de\/en\/impressum\/\",\"url\":\"https:\/\/iqbody.de\/en\/impressum\/\",\"name\":\"Impressum - IQ Body\",\"isPartOf\":{\"@id\":\"https:\/\/iqbody.de\/en\/#website\"},\"datePublished\":\"2023-09-05T09:50:30+00:00\",\"dateModified\":\"2023-09-05T09:50:30+00:00\",\"breadcrumb\":{\"@id\":\"https:\/\/iqbody.de\/en\/impressum\/#breadcrumb\"},\"inLanguage\":\"en-US\",\"potentialAction\":[{\"@type\":\"ReadAction\",\"target\":[\"https:\/\/iqbody.de\/en\/impressum\/\"]}]},{\"@type\":\"BreadcrumbList\",\"@id\":\"https:\/\/iqbody.de\/en\/impressum\/#breadcrumb\",\"itemListElement\":[{\"@type\":\"ListItem\",\"position\":1,\"name\":\"Startseite\",\"item\":\"https:\/\/iqbody.de\/en\/\"},{\"@type\":\"ListItem\",\"position\":2,\"name\":\"Impressum\"}]},{\"@type\":\"WebSite\",\"@id\":\"https:\/\/iqbody.de\/en\/#website\",\"url\":\"https:\/\/iqbody.de\/en\/\",\"name\":\"IQ Body\",\"description\":\"Kosmetikger\u00e4te kaufen, mieten oder leasen | IQBody\",\"publisher\":{\"@id\":\"https:\/\/iqbody.de\/en\/#organization\"},\"potentialAction\":[{\"@type\":\"SearchAction\",\"target\":{\"@type\":\"EntryPoint\",\"urlTemplate\":\"https:\/\/iqbody.de\/en\/?s={search_term_string}\"},\"query-input\":\"required name=search_term_string\"}],\"inLanguage\":\"en-US\"},{\"@type\":\"Organization\",\"@id\":\"https:\/\/iqbody.de\/en\/#organization\",\"name\":\"IQ Body\",\"url\":\"https:\/\/iqbody.de\/en\/\",\"logo\":{\"@type\":\"ImageObject\",\"inLanguage\":\"en-US\",\"@id\":\"https:\/\/iqbody.de\/en\/#\/schema\/logo\/image\/\",\"url\":\"https:\/\/iqbody.de\/wp-content\/uploads\/2020\/10\/IQBody_Logo_bunt_mit2Icon-1.png\",\"contentUrl\":\"https:\/\/iqbody.de\/wp-content\/uploads\/2020\/10\/IQBody_Logo_bunt_mit2Icon-1.png\",\"width\":520,\"height\":327,\"caption\":\"IQ Body\"},\"image\":{\"@id\":\"https:\/\/iqbody.de\/en\/#\/schema\/logo\/image\/\"}}]}<\/script>\n<!-- \/ Yoast SEO plugin. -->","yoast_head_json":{"title":"Impressum - IQ Body","robots":{"index":"index","follow":"follow","max-snippet":"max-snippet:-1","max-image-preview":"max-image-preview:large","max-video-preview":"max-video-preview:-1"},"canonical":"https:\/\/iqbody.de\/en\/impressum\/","og_locale":"en_US","og_type":"article","og_title":"Impressum - IQ Body","og_description":"Angaben gem\u00e4\u00df \u00a7 5 TMG IQBody GmbH mit Hauptsitz in Deutschland Pfaffenpfad 1 97440 Werneck Kontakt Telefon: +49 (0) 9722 \/ 948 8965 Email: info@iqbody.de Gesch\u00e4ftsf\u00fchrer: Ahmet Altun USt-ID:\u00a0DE335842067 Handelsregister:\u00a08373 EORI:\u00a0DE453791261052666 Elektro-Altger\u00e4te-Verordnung: WEEE-Reg.-Nr: Neu Angaben zur Berufshaftpflichtversicherung (Geltungsraum der Versicherung: Deutschland) ERGO Versicherung AG (ehemals Victoria) Victoriaplatz 1 40477 D\u00fcsseldorf Plattform der EU-Kommission zur Online-Streitbeilegung: [&hellip;]","og_url":"https:\/\/iqbody.de\/en\/impressum\/","og_site_name":"IQ Body","twitter_card":"summary_large_image","twitter_misc":{"Est. reading time":"3 minutes"},"schema":{"@context":"https:\/\/schema.org","@graph":[{"@type":"WebPage","@id":"https:\/\/iqbody.de\/en\/impressum\/","url":"https:\/\/iqbody.de\/en\/impressum\/","name":"Impressum - IQ Body","isPartOf":{"@id":"https:\/\/iqbody.de\/en\/#website"},"datePublished":"2023-09-05T09:50:30+00:00","dateModified":"2023-09-05T09:50:30+00:00","breadcrumb":{"@id":"https:\/\/iqbody.de\/en\/impressum\/#breadcrumb"},"inLanguage":"en-US","potentialAction":[{"@type":"ReadAction","target":["https:\/\/iqbody.de\/en\/impressum\/"]}]},{"@type":"BreadcrumbList","@id":"https:\/\/iqbody.de\/en\/impressum\/#breadcrumb","itemListElement":[{"@type":"ListItem","position":1,"name":"Startseite","item":"https:\/\/iqbody.de\/en\/"},{"@type":"ListItem","position":2,"name":"Impressum"}]},{"@type":"WebSite","@id":"https:\/\/iqbody.de\/en\/#website","url":"https:\/\/iqbody.de\/en\/","name":"IQ Body","description":"Kosmetikger\u00e4te kaufen, mieten oder leasen | IQBody","publisher":{"@id":"https:\/\/iqbody.de\/en\/#organization"},"potentialAction":[{"@type":"SearchAction","target":{"@type":"EntryPoint","urlTemplate":"https:\/\/iqbody.de\/en\/?s={search_term_string}"},"query-input":"required name=search_term_string"}],"inLanguage":"en-US"},{"@type":"Organization","@id":"https:\/\/iqbody.de\/en\/#organization","name":"IQ Body","url":"https:\/\/iqbody.de\/en\/","logo":{"@type":"ImageObject","inLanguage":"en-US","@id":"https:\/\/iqbody.de\/en\/#\/schema\/logo\/image\/","url":"https:\/\/iqbody.de\/wp-content\/uploads\/2020\/10\/IQBody_Logo_bunt_mit2Icon-1.png","contentUrl":"https:\/\/iqbody.de\/wp-content\/uploads\/2020\/10\/IQBody_Logo_bunt_mit2Icon-1.png","width":520,"height":327,"caption":"IQ Body"},"image":{"@id":"https:\/\/iqbody.de\/en\/#\/schema\/logo\/image\/"}}]}},"_links":{"self":[{"href":"https:\/\/iqbody.de\/en\/wp-json\/wp\/v2\/pages\/2718","targetHints":{"allow":["GET"]}}],"collection":[{"href":"https:\/\/iqbody.de\/en\/wp-json\/wp\/v2\/pages"}],"about":[{"href":"https:\/\/iqbody.de\/en\/wp-json\/wp\/v2\/types\/page"}],"author":[{"embeddable":true,"href":"https:\/\/iqbody.de\/en\/wp-json\/wp\/v2\/users\/1"}],"replies":[{"embeddable":true,"href":"https:\/\/iqbody.de\/en\/wp-json\/wp\/v2\/comments?post=2718"}],"version-history":[{"count":1,"href":"https:\/\/iqbody.de\/en\/wp-json\/wp\/v2\/pages\/2718\/revisions"}],"predecessor-version":[{"id":2719,"href":"https:\/\/iqbody.de\/en\/wp-json\/wp\/v2\/pages\/2718\/revisions\/2719"}],"wp:attachment":[{"href":"https:\/\/iqbody.de\/en\/wp-json\/wp\/v2\/media?parent=2718"}],"curies":[{"name":"wp","href":"https:\/\/api.w.org\/{rel}","templated":true}]}}